{"id":19,"date":"2024-01-21T15:48:15","date_gmt":"2024-01-21T15:48:15","guid":{"rendered":"https:\/\/www.kotipalveluvival.fi\/?page_id=19"},"modified":"2024-09-01T16:59:05","modified_gmt":"2024-09-01T16:59:05","slug":"tietoa-meista","status":"publish","type":"page","link":"http:\/\/www.kotipalveluvival.fi\/index.php\/tietoa-meista\/","title":{"rendered":"Tietoa Meist\u00e4"},"content":{"rendered":"\n<h4 class=\"wp-block-heading has-text-align-center\">Tietoa Meist\u00e4<\/h4>\n\n\n\n<p class=\"has-text-align-center\">Olemme tunteneet toisemme ty\u00f6el\u00e4m\u00e4n kautta jo yli 20 vuotta. Ty\u00f6paikat ovat seuranneet toisiaan ja nyt meill\u00e4 on oma yhteinen yritys. Meille molemmille on t\u00e4rke\u00e4\u00e4 asiakkaan huomioiminen kokonaisvaltaisesti.<\/p>\n\n\n\n<p><\/p>\n\n\n\n<h4 class=\"wp-block-heading has-text-align-center\">Riina<\/h4>\n\n\n\n<figure class=\"wp-block-image aligncenter size-full is-resized\"><img loading=\"lazy\" decoding=\"async\" width=\"509\" height=\"219\" src=\"http:\/\/www.kotipalveluvival.fi\/wp-content\/uploads\/2024\/09\/Riina-henkiloesittely-1.9.2024.png\" alt=\"\" class=\"wp-image-194\" style=\"width:655px;height:auto\" srcset=\"http:\/\/www.kotipalveluvival.fi\/wp-content\/uploads\/2024\/09\/Riina-henkiloesittely-1.9.2024.png 509w, http:\/\/www.kotipalveluvival.fi\/wp-content\/uploads\/2024\/09\/Riina-henkiloesittely-1.9.2024-300x129.png 300w\" sizes=\"auto, (max-width: 509px) 100vw, 509px\" \/><\/figure>\n\n\n\n<p><\/p>\n\n\n\n<h4 class=\"wp-block-heading has-text-align-center\">Riikka<\/h4>\n\n\n\n<figure class=\"wp-block-image aligncenter size-full is-resized\"><img loading=\"lazy\" decoding=\"async\" width=\"506\" height=\"215\" src=\"http:\/\/www.kotipalveluvival.fi\/wp-content\/uploads\/2024\/09\/Riikka-henkiloesittely-1.9.2024.png\" alt=\"\" class=\"wp-image-193\" style=\"width:654px;height:auto\" srcset=\"http:\/\/www.kotipalveluvival.fi\/wp-content\/uploads\/2024\/09\/Riikka-henkiloesittely-1.9.2024.png 506w, http:\/\/www.kotipalveluvival.fi\/wp-content\/uploads\/2024\/09\/Riikka-henkiloesittely-1.9.2024-300x127.png 300w\" sizes=\"auto, (max-width: 506px) 100vw, 506px\" \/><\/figure>\n\n\n\n<p><\/p>\n\n\n\n<p><\/p>\n","protected":false},"excerpt":{"rendered":"<p>Tietoa Meist\u00e4 Olemme tunteneet toisemme ty\u00f6el\u00e4m\u00e4n kautta jo yli 20 vuotta. Ty\u00f6paikat ovat seuranneet toisiaan ja nyt meill\u00e4 on oma [&hellip;]<\/p>\n","protected":false},"author":1,"featured_media":0,"parent":0,"menu_order":0,"comment_status":"closed","ping_status":"closed","template":"","meta":{"site-sidebar-layout":"default","site-content-layout":"","ast-site-content-layout":"default","site-content-style":"default","site-sidebar-style":"default","ast-global-header-display":"","ast-banner-title-visibility":"","ast-main-header-display":"","ast-hfb-above-header-display":"","ast-hfb-below-header-display":"","ast-hfb-mobile-header-display":"","site-post-title":"disabled","ast-breadcrumbs-content":"","ast-featured-img":"","footer-sml-layout":"","ast-disable-related-posts":"","theme-transparent-header-meta":"","adv-header-id-meta":"","stick-header-meta":"","header-above-stick-meta":"","header-main-stick-meta":"","header-below-stick-meta":"","astra-migrate-meta-layouts":"default","ast-page-background-enabled":"default","ast-page-background-meta":{"desktop":{"background-color":"var(--ast-global-color-4)","background-image":"","background-repeat":"repeat","background-position":"center center","background-size":"auto","background-attachment":"scroll","background-type":"","background-media":"","overlay-type":"","overlay-color":"","overlay-opacity":"","overlay-gradient":""},"tablet":{"background-color":"","background-image":"","background-repeat":"repeat","background-position":"center center","background-size":"auto","background-attachment":"scroll","background-type":"","background-media":"","overlay-type":"","overlay-color":"","overlay-opacity":"","overlay-gradient":""},"mobile":{"background-color":"","background-image":"","background-repeat":"repeat","background-position":"center center","background-size":"auto","background-attachment":"scroll","background-type":"","background-media":"","overlay-type":"","overlay-color":"","overlay-opacity":"","overlay-gradient":""}},"ast-content-background-meta":{"desktop":{"background-color":"var(--ast-global-color-5)","background-image":"","background-repeat":"repeat","background-position":"center center","background-size":"auto","background-attachment":"scroll","background-type":"","background-media":"","overlay-type":"","overlay-color":"","overlay-opacity":"","overlay-gradient":""},"tablet":{"background-color":"var(--ast-global-color-5)","background-image":"","background-repeat":"repeat","background-position":"center center","background-size":"auto","background-attachment":"scroll","background-type":"","background-media":"","overlay-type":"","overlay-color":"","overlay-opacity":"","overlay-gradient":""},"mobile":{"background-color":"var(--ast-global-color-5)","background-image":"","background-repeat":"repeat","background-position":"center center","background-size":"auto","background-attachment":"scroll","background-type":"","background-media":"","overlay-type":"","overlay-color":"","overlay-opacity":"","overlay-gradient":""}},"footnotes":""},"class_list":["post-19","page","type-page","status-publish","hentry"],"_links":{"self":[{"href":"http:\/\/www.kotipalveluvival.fi\/index.php\/wp-json\/wp\/v2\/pages\/19","targetHints":{"allow":["GET"]}}],"collection":[{"href":"http:\/\/www.kotipalveluvival.fi\/index.php\/wp-json\/wp\/v2\/pages"}],"about":[{"href":"http:\/\/www.kotipalveluvival.fi\/index.php\/wp-json\/wp\/v2\/types\/page"}],"author":[{"embeddable":true,"href":"http:\/\/www.kotipalveluvival.fi\/index.php\/wp-json\/wp\/v2\/users\/1"}],"replies":[{"embeddable":true,"href":"http:\/\/www.kotipalveluvival.fi\/index.php\/wp-json\/wp\/v2\/comments?post=19"}],"version-history":[{"count":8,"href":"http:\/\/www.kotipalveluvival.fi\/index.php\/wp-json\/wp\/v2\/pages\/19\/revisions"}],"predecessor-version":[{"id":196,"href":"http:\/\/www.kotipalveluvival.fi\/index.php\/wp-json\/wp\/v2\/pages\/19\/revisions\/196"}],"wp:attachment":[{"href":"http:\/\/www.kotipalveluvival.fi\/index.php\/wp-json\/wp\/v2\/media?parent=19"}],"curies":[{"name":"wp","href":"https:\/\/api.w.org\/{rel}","templated":true}]}}