{"id":24,"date":"2024-01-21T16:02:11","date_gmt":"2024-01-21T16:02:11","guid":{"rendered":"https:\/\/www.kotipalveluvival.fi\/?page_id=24"},"modified":"2024-02-24T16:19:53","modified_gmt":"2024-02-24T16:19:53","slug":"palvelut","status":"publish","type":"page","link":"http:\/\/www.kotipalveluvival.fi\/index.php\/palvelut\/","title":{"rendered":"Palvelut"},"content":{"rendered":"\n<h4 class=\"wp-block-heading has-text-align-center\">Kotisiivous<\/h4>\n\n\n\n<p class=\"has-text-align-center\">Tilaa kotisiivous meilt\u00e4 itsellesi tai l\u00e4heisellesi halutessasi l\u00e4mminhenkist\u00e4 ja laadukasta palvelua kotiisi.<\/p>\n\n\n\n<p class=\"has-text-align-center\">Siivoamme mieluiten niin, ett\u00e4 asiakas on kotona, sill\u00e4 haluamme tarjota asiakkaillemme seurusteluhetken, jonka moni kokeekin t\u00e4rke\u00e4ksi osaksi k\u00e4ynti\u00e4. V\u00e4lit\u00e4mme aidosti ja asiakkaidemme kokonaisvaltainen hyvinvointi on meille syd\u00e4men asia.<\/p>\n\n\n\n<p class=\"has-text-align-center\">Siivoamme kaikki kodin kuivat tilat, keitti\u00f6n, olohuoneen, makuuhuoneet, vessat sek\u00e4 suihkutilat. Voit sopia tarpeidesi mukaan erikseen muistakin t\u00f6ist\u00e4, kuten saunan tai ikkunoiden pesusta. Tuomme mukanamme kaikki tarvittavat siivousv\u00e4lineet ja -aineet.<\/p>\n\n\n\n<p class=\"has-text-align-center\">Yll\u00e4pitosiivouksen sis\u00e4lt\u00f6: imurointi ja p\u00f6lyjen pyyhint\u00e4 + keitti\u00f6n pysty- ja tasopintojen pyyhint\u00e4 sek\u00e4 mikron puhdistus ja roskiskaapin siivous + lattioiden pesu tai pyyhint\u00e4 (materiaalin mukaan) + kylpyhuoneen ja vessan pesu (suihkun kaakelien harjapesu tarpeen mukaan) + roskien vienti<\/p>\n\n\n\n<p class=\"has-text-align-center\">Huomioimme joka k\u00e4ynnill\u00e4 tilojen siivoustarpeen tilanteen mukaan. Otamme huomioon asiakkaan sen hetkisen tarpeen, kuitenkin niin, ett\u00e4 yll\u00e4pitosiivouksen sis\u00e4lt\u00f6 t\u00e4yttyy. Vaihdamme esimerkiksi lakanat, pyyhimme j\u00e4\u00e4kaapin tasot tai puhdistamme lattiakaivon tarpeen mukaan. Mattojen ulosvientiin varaamme enemm\u00e4n k\u00e4yntiaikaa ja ty\u00f6 jaetaan t\u00e4ll\u00f6in kahdelle tekij\u00e4lle. Siivousk\u00e4yntiin voi halutessaan liitt\u00e4\u00e4 esimerkiksi kauppak\u00e4ynnin.<\/p>\n\n\n\n<h4 class=\"wp-block-heading has-text-align-center\">Ikkunanpesu<\/h4>\n\n\n\n<p class=\"has-text-align-center\">Pesemme ikkunoita alkukev\u00e4\u00e4st\u00e4 loppusyksyyn. Tuomme mukanamme kaikki tarvittavat v\u00e4lineet ja aineet. Tukea vaativat ikkunat tuemme ikkunatuella. Pesemme kaikki ikkunat, jotka ovat pest\u00e4viss\u00e4 jatkovarren avulla. Meill\u00e4 ei ole k\u00e4yt\u00f6ss\u00e4mme tikkaita eik\u00e4 telineit\u00e4. Ikkunanpesun yhteydess\u00e4 vaihdamme my\u00f6s verhot tarvittaessa.<\/p>\n\n\n\n<p class=\"has-text-align-center\">Ikkunanpesun sis\u00e4lt\u00f6: karmit ja ikkunoiden v\u00e4lit pyyhit\u00e4\u00e4n + s\u00e4lekaihtimet pyyhit\u00e4\u00e4n + kaikki ikkunalasit pest\u00e4\u00e4n + parvekelasien pesu<\/p>\n\n\n\n<h4 class=\"wp-block-heading has-text-align-center\">Kotipalvelu<\/h4>\n\n\n\n<p class=\"has-text-align-center\">Meilt\u00e4 voit tilata kotipalveluk\u00e4ynnin, jolloin teemme asiakkaan tarpeiden mukaan tarvittavia kotit\u00f6it\u00e4. Huolehdimme esimerkiksi vaatehuollosta ja autamme kodin j\u00e4rjestelyss\u00e4. L\u00e4hdemme seuraksi ulkoilemaan tai viet\u00e4mme aikaa sis\u00e4tiloissa seurustellen. Tarjoamme my\u00f6s monipuolista asiointiapua, kuten asiakkaan puolesta kaupassa, apteekissa tai muilla asioilla k\u00e4ymist\u00e4. <\/p>\n\n\n\n<p><\/p>\n\n\n\n<p><\/p>\n","protected":false},"excerpt":{"rendered":"<p>Kotisiivous Tilaa kotisiivous meilt\u00e4 itsellesi tai l\u00e4heisellesi halutessasi l\u00e4mminhenkist\u00e4 ja laadukasta palvelua kotiisi. Siivoamme mieluiten niin, ett\u00e4 asiakas on kotona, [&hellip;]<\/p>\n","protected":false},"author":1,"featured_media":0,"parent":0,"menu_order":0,"comment_status":"closed","ping_status":"closed","template":"","meta":{"site-sidebar-layout":"default","site-content-layout":"","ast-site-content-layout":"default","site-content-style":"default","site-sidebar-style":"default","ast-global-header-display":"","ast-banner-title-visibility":"","ast-main-header-display":"","ast-hfb-above-header-display":"","ast-hfb-below-header-display":"","ast-hfb-mobile-header-display":"","site-post-title":"disabled","ast-breadcrumbs-content":"","ast-featured-img":"","footer-sml-layout":"","ast-disable-related-posts":"","theme-transparent-header-meta":"","adv-header-id-meta":"","stick-header-meta":"","header-above-stick-meta":"","header-main-stick-meta":"","header-below-stick-meta":"","astra-migrate-meta-layouts":"default","ast-page-background-enabled":"default","ast-page-background-meta":{"desktop":{"background-color":"var(--ast-global-color-4)","background-image":"","background-repeat":"repeat","background-position":"center center","background-size":"auto","background-attachment":"scroll","background-type":"","background-media":"","overlay-type":"","overlay-color":"","overlay-opacity":"","overlay-gradient":""},"tablet":{"background-color":"","background-image":"","background-repeat":"repeat","background-position":"center center","background-size":"auto","background-attachment":"scroll","background-type":"","background-media":"","overlay-type":"","overlay-color":"","overlay-opacity":"","overlay-gradient":""},"mobile":{"background-color":"","background-image":"","background-repeat":"repeat","background-position":"center center","background-size":"auto","background-attachment":"scroll","background-type":"","background-media":"","overlay-type":"","overlay-color":"","overlay-opacity":"","overlay-gradient":""}},"ast-content-background-meta":{"desktop":{"background-color":"var(--ast-global-color-5)","background-image":"","background-repeat":"repeat","background-position":"center center","background-size":"auto","background-attachment":"scroll","background-type":"","background-media":"","overlay-type":"","overlay-color":"","overlay-opacity":"","overlay-gradient":""},"tablet":{"background-color":"var(--ast-global-color-5)","background-image":"","background-repeat":"repeat","background-position":"center center","background-size":"auto","background-attachment":"scroll","background-type":"","background-media":"","overlay-type":"","overlay-color":"","overlay-opacity":"","overlay-gradient":""},"mobile":{"background-color":"var(--ast-global-color-5)","background-image":"","background-repeat":"repeat","background-position":"center center","background-size":"auto","background-attachment":"scroll","background-type":"","background-media":"","overlay-type":"","overlay-color":"","overlay-opacity":"","overlay-gradient":""}},"footnotes":""},"class_list":["post-24","page","type-page","status-publish","hentry"],"_links":{"self":[{"href":"http:\/\/www.kotipalveluvival.fi\/index.php\/wp-json\/wp\/v2\/pages\/24","targetHints":{"allow":["GET"]}}],"collection":[{"href":"http:\/\/www.kotipalveluvival.fi\/index.php\/wp-json\/wp\/v2\/pages"}],"about":[{"href":"http:\/\/www.kotipalveluvival.fi\/index.php\/wp-json\/wp\/v2\/types\/page"}],"author":[{"embeddable":true,"href":"http:\/\/www.kotipalveluvival.fi\/index.php\/wp-json\/wp\/v2\/users\/1"}],"replies":[{"embeddable":true,"href":"http:\/\/www.kotipalveluvival.fi\/index.php\/wp-json\/wp\/v2\/comments?post=24"}],"version-history":[{"count":13,"href":"http:\/\/www.kotipalveluvival.fi\/index.php\/wp-json\/wp\/v2\/pages\/24\/revisions"}],"predecessor-version":[{"id":152,"href":"http:\/\/www.kotipalveluvival.fi\/index.php\/wp-json\/wp\/v2\/pages\/24\/revisions\/152"}],"wp:attachment":[{"href":"http:\/\/www.kotipalveluvival.fi\/index.php\/wp-json\/wp\/v2\/media?parent=24"}],"curies":[{"name":"wp","href":"https:\/\/api.w.org\/{rel}","templated":true}]}}